{"id":95,"date":"2023-03-13T19:31:22","date_gmt":"2023-03-13T19:31:22","guid":{"rendered":"http:\/\/letime.org\/?page_id=95"},"modified":"2024-05-27T19:10:22","modified_gmt":"2024-05-27T18:10:22","slug":"que-es-letime-contacto","status":"publish","type":"page","link":"https:\/\/letime.org\/","title":{"rendered":"Qu\u00e9 es"},"content":{"rendered":"\n<h2 class=\"wp-block-heading\">Letime, sin l\u00edmites<\/h2>\n\n\n\n<h2 class=\"wp-block-heading\">\u00a1Hola, bienvenid@s!<\/h2>\n\n\n\n<p>Hablando con una operadora del <em>hosting<\/em> pronunci\u00f3 la palabra como Letaim, como si fuera <em>franingl\u00e9s<\/em>, ll\u00e1malo como quieras. El tiempo, el implacable, que dec\u00eda <strong>Pablo Milan\u00e9s<\/strong>. La palabra <strong>Letime<\/strong> en realidad no tiene nada que ver con eso, o todo tiene que ver&#8230;<\/p>\n\n\n\n<p>Aprender algo de wordpress. Me sigue sorprendiendo que sea altruista, espero que no cumpla aquello de \u00absi es gratis la mercanc\u00eda eres t\u00fa\u00bb. Hacer un blog aunque no est\u00e9 de moda,&nbsp;publicar&nbsp;sin intermediarios. No hay que pedir m\u00e1s permiso ni recursos que el <em>hosting<\/em> y el dominio. Aunque no te lea nidi\u00f3s. <\/p>\n\n\n\n<p>Saber si el tema comunica o interesa. Entender la sinceridad, la transparencia, la intimidad. Escribir por, para, con, y quiz\u00e1, contra. No convertir fobias en insultos ni filias en adhesiones sin tino. Dejarse o no dejarse llevar. <\/p>\n\n\n\n<p>Mis temas: audiovisual, pol\u00edtica, cultura, administraci\u00f3n, opiniones y encuentros, la isla de El Hierro&#8230; Navegar por la magia pero abrir los ojos, como debajo del agua. Ser coherente, no empe\u00f1arse en evitar la contradicci\u00f3n. Revisar sin pudor. En <a href=\"https:\/\/letime.org\/index.php\/textos-imagenes\/\" target=\"_blank\" rel=\"noreferrer noopener\">Textos\/im\u00e1genes<\/a> se puede encontrar eso.<\/p>\n\n\n\n<p><strong>Letime<\/strong> es una palabra que se usa en la isla de El Hierro para el lugar que est\u00e1 al borde del acantilado, junto al mar. En el diccionario hist\u00f3rico de la RAE, se recoge como prehisp\u00e1nico, risco, borde de un precipicio. Quitar lo que sobra, el blog, <strong>Letime<\/strong>, agua sobre agua, desaparece solo.<\/p>\n\n\n\n<p>En la foto, una procesi\u00f3n de gente aparentemente pobre pero bien vestida, paseando su saber estar por este lugar extra\u00f1o y caminando, parece que hacia nosotros que les miramos.<\/p>\n\n\n\n<figure class=\"wp-block-image size-full is-style-rounded\"><img loading=\"lazy\" decoding=\"async\" width=\"2864\" height=\"1928\" src=\"https:\/\/letime.org\/wp-content\/uploads\/2023\/03\/visita-de-galo-ponte-1927-teodoro-maisch.bmp\" alt=\"\" class=\"wp-image-1040\"\/><figcaption class=\"wp-element-caption\">Teodoro Maisch. Lanzarote 1927<\/figcaption><\/figure>\n","protected":false},"excerpt":{"rendered":"<p>Letime, sin l\u00edmites \u00a1Hola, bienvenid@s! Hablando con una operadora del hosting pronunci\u00f3 la palabra como Letaim, como si fuera franingl\u00e9s, ll\u00e1malo como quieras. El tiempo, el implacable, que dec\u00eda Pablo&#46;&#46;&#46;<\/p>\n","protected":false},"author":1,"featured_media":1250,"parent":0,"menu_order":1,"comment_status":"open","ping_status":"closed","template":"","meta":{"footnotes":""},"class_list":["post-95","page","type-page","status-publish","has-post-thumbnail","hentry"],"yoast_head":"<!-- This site is optimized with the Yoast SEO plugin v26.9 - https:\/\/yoast.com\/product\/yoast-seo-wordpress\/ -->\r\n<title>Qu\u00e9 es - Letime<\/title>\r\n<meta name=\"robots\" content=\"index, follow, max-snippet:-1, max-image-preview:large, max-video-preview:-1\" \/>\r\n<link rel=\"canonical\" href=\"https:\/\/letime.org\/\" \/>\r\n<meta property=\"og:locale\" content=\"es_ES\" \/>\r\n<meta property=\"og:type\" content=\"article\" \/>\r\n<meta property=\"og:title\" content=\"Qu\u00e9 es - Letime\" \/>\r\n<meta property=\"og:description\" content=\"Letime, sin l\u00edmites \u00a1Hola, bienvenid@s! Hablando con una operadora del hosting pronunci\u00f3 la palabra como Letaim, como si fuera franingl\u00e9s, ll\u00e1malo como quieras. El tiempo, el implacable, que dec\u00eda Pablo&#046;&#046;&#046;\" \/>\r\n<meta property=\"og:url\" content=\"https:\/\/letime.org\/\" \/>\r\n<meta property=\"og:site_name\" content=\"Letime\" \/>\r\n<meta property=\"article:publisher\" content=\"https:\/\/www.facebook.com\/sergio.morales.1690671\/\" \/>\r\n<meta property=\"article:modified_time\" content=\"2024-05-27T18:10:22+00:00\" \/>\r\n<meta property=\"og:image\" content=\"https:\/\/letime.org\/wp-content\/uploads\/2023\/03\/IMG_7253-scaled.jpg\" \/>\r\n\t<meta property=\"og:image:width\" content=\"2560\" \/>\r\n\t<meta property=\"og:image:height\" content=\"1920\" \/>\r\n\t<meta property=\"og:image:type\" content=\"image\/jpeg\" \/>\r\n<meta name=\"twitter:card\" content=\"summary_large_image\" \/>\r\n<meta name=\"twitter:label1\" content=\"Tiempo de lectura\" \/>\n\t<meta name=\"twitter:data1\" content=\"3 minutos\" \/>\r\n<script type=\"application\/ld+json\" class=\"yoast-schema-graph\">{\"@context\":\"https:\/\/schema.org\",\"@graph\":[{\"@type\":\"WebPage\",\"@id\":\"https:\/\/letime.org\/\",\"url\":\"https:\/\/letime.org\/\",\"name\":\"Qu\u00e9 es - Letime\",\"isPartOf\":{\"@id\":\"https:\/\/letime.org\/#website\"},\"primaryImageOfPage\":{\"@id\":\"https:\/\/letime.org\/#primaryimage\"},\"image\":{\"@id\":\"https:\/\/letime.org\/#primaryimage\"},\"thumbnailUrl\":\"https:\/\/letime.org\/wp-content\/uploads\/2023\/03\/IMG_7253-scaled.jpg\",\"datePublished\":\"2023-03-13T19:31:22+00:00\",\"dateModified\":\"2024-05-27T18:10:22+00:00\",\"breadcrumb\":{\"@id\":\"https:\/\/letime.org\/#breadcrumb\"},\"inLanguage\":\"es\",\"potentialAction\":[{\"@type\":\"ReadAction\",\"target\":[\"https:\/\/letime.org\/\"]}]},{\"@type\":\"ImageObject\",\"inLanguage\":\"es\",\"@id\":\"https:\/\/letime.org\/#primaryimage\",\"url\":\"https:\/\/letime.org\/wp-content\/uploads\/2023\/03\/IMG_7253-scaled.jpg\",\"contentUrl\":\"https:\/\/letime.org\/wp-content\/uploads\/2023\/03\/IMG_7253-scaled.jpg\",\"width\":2560,\"height\":1920},{\"@type\":\"BreadcrumbList\",\"@id\":\"https:\/\/letime.org\/#breadcrumb\",\"itemListElement\":[{\"@type\":\"ListItem\",\"position\":1,\"name\":\"Portada\",\"item\":\"https:\/\/letime.org\/\"},{\"@type\":\"ListItem\",\"position\":2,\"name\":\"Qu\u00e9 es\"}]},{\"@type\":\"WebSite\",\"@id\":\"https:\/\/letime.org\/#website\",\"url\":\"https:\/\/letime.org\/\",\"name\":\"Letime\",\"description\":\"Audiovisual, pol\u00edtica, cultura, administraci\u00f3n, opiniones y encuentros.\",\"publisher\":{\"@id\":\"https:\/\/letime.org\/#organization\"},\"potentialAction\":[{\"@type\":\"SearchAction\",\"target\":{\"@type\":\"EntryPoint\",\"urlTemplate\":\"https:\/\/letime.org\/?s={search_term_string}\"},\"query-input\":{\"@type\":\"PropertyValueSpecification\",\"valueRequired\":true,\"valueName\":\"search_term_string\"}}],\"inLanguage\":\"es\"},{\"@type\":\"Organization\",\"@id\":\"https:\/\/letime.org\/#organization\",\"name\":\"Letime\",\"url\":\"https:\/\/letime.org\/\",\"logo\":{\"@type\":\"ImageObject\",\"inLanguage\":\"es\",\"@id\":\"https:\/\/letime.org\/#\/schema\/logo\/image\/\",\"url\":\"https:\/\/letime.org\/wp-content\/uploads\/2022\/12\/logo-e1671971795676.png\",\"contentUrl\":\"https:\/\/letime.org\/wp-content\/uploads\/2022\/12\/logo-e1671971795676.png\",\"width\":512,\"height\":512,\"caption\":\"Letime\"},\"image\":{\"@id\":\"https:\/\/letime.org\/#\/schema\/logo\/image\/\"},\"sameAs\":[\"https:\/\/www.facebook.com\/sergio.morales.1690671\/\",\"https:\/\/www.linkedin.com\/in\/sergio-morales-b5014621\/\"]}]}<\/script>\r\n<!-- \/ Yoast SEO plugin. -->","yoast_head_json":{"title":"Qu\u00e9 es - Letime","robots":{"index":"index","follow":"follow","max-snippet":"max-snippet:-1","max-image-preview":"max-image-preview:large","max-video-preview":"max-video-preview:-1"},"canonical":"https:\/\/letime.org\/","og_locale":"es_ES","og_type":"article","og_title":"Qu\u00e9 es - Letime","og_description":"Letime, sin l\u00edmites \u00a1Hola, bienvenid@s! Hablando con una operadora del hosting pronunci\u00f3 la palabra como Letaim, como si fuera franingl\u00e9s, ll\u00e1malo como quieras. El tiempo, el implacable, que dec\u00eda Pablo&#46;&#46;&#46;","og_url":"https:\/\/letime.org\/","og_site_name":"Letime","article_publisher":"https:\/\/www.facebook.com\/sergio.morales.1690671\/","article_modified_time":"2024-05-27T18:10:22+00:00","og_image":[{"width":2560,"height":1920,"url":"https:\/\/letime.org\/wp-content\/uploads\/2023\/03\/IMG_7253-scaled.jpg","type":"image\/jpeg"}],"twitter_card":"summary_large_image","twitter_misc":{"Tiempo de lectura":"3 minutos"},"schema":{"@context":"https:\/\/schema.org","@graph":[{"@type":"WebPage","@id":"https:\/\/letime.org\/","url":"https:\/\/letime.org\/","name":"Qu\u00e9 es - Letime","isPartOf":{"@id":"https:\/\/letime.org\/#website"},"primaryImageOfPage":{"@id":"https:\/\/letime.org\/#primaryimage"},"image":{"@id":"https:\/\/letime.org\/#primaryimage"},"thumbnailUrl":"https:\/\/letime.org\/wp-content\/uploads\/2023\/03\/IMG_7253-scaled.jpg","datePublished":"2023-03-13T19:31:22+00:00","dateModified":"2024-05-27T18:10:22+00:00","breadcrumb":{"@id":"https:\/\/letime.org\/#breadcrumb"},"inLanguage":"es","potentialAction":[{"@type":"ReadAction","target":["https:\/\/letime.org\/"]}]},{"@type":"ImageObject","inLanguage":"es","@id":"https:\/\/letime.org\/#primaryimage","url":"https:\/\/letime.org\/wp-content\/uploads\/2023\/03\/IMG_7253-scaled.jpg","contentUrl":"https:\/\/letime.org\/wp-content\/uploads\/2023\/03\/IMG_7253-scaled.jpg","width":2560,"height":1920},{"@type":"BreadcrumbList","@id":"https:\/\/letime.org\/#breadcrumb","itemListElement":[{"@type":"ListItem","position":1,"name":"Portada","item":"https:\/\/letime.org\/"},{"@type":"ListItem","position":2,"name":"Qu\u00e9 es"}]},{"@type":"WebSite","@id":"https:\/\/letime.org\/#website","url":"https:\/\/letime.org\/","name":"Letime","description":"Audiovisual, pol\u00edtica, cultura, administraci\u00f3n, opiniones y encuentros.","publisher":{"@id":"https:\/\/letime.org\/#organization"},"potentialAction":[{"@type":"SearchAction","target":{"@type":"EntryPoint","urlTemplate":"https:\/\/letime.org\/?s={search_term_string}"},"query-input":{"@type":"PropertyValueSpecification","valueRequired":true,"valueName":"search_term_string"}}],"inLanguage":"es"},{"@type":"Organization","@id":"https:\/\/letime.org\/#organization","name":"Letime","url":"https:\/\/letime.org\/","logo":{"@type":"ImageObject","inLanguage":"es","@id":"https:\/\/letime.org\/#\/schema\/logo\/image\/","url":"https:\/\/letime.org\/wp-content\/uploads\/2022\/12\/logo-e1671971795676.png","contentUrl":"https:\/\/letime.org\/wp-content\/uploads\/2022\/12\/logo-e1671971795676.png","width":512,"height":512,"caption":"Letime"},"image":{"@id":"https:\/\/letime.org\/#\/schema\/logo\/image\/"},"sameAs":["https:\/\/www.facebook.com\/sergio.morales.1690671\/","https:\/\/www.linkedin.com\/in\/sergio-morales-b5014621\/"]}]}},"_links":{"self":[{"href":"https:\/\/letime.org\/index.php\/wp-json\/wp\/v2\/pages\/95","targetHints":{"allow":["GET"]}}],"collection":[{"href":"https:\/\/letime.org\/index.php\/wp-json\/wp\/v2\/pages"}],"about":[{"href":"https:\/\/letime.org\/index.php\/wp-json\/wp\/v2\/types\/page"}],"author":[{"embeddable":true,"href":"https:\/\/letime.org\/index.php\/wp-json\/wp\/v2\/users\/1"}],"replies":[{"embeddable":true,"href":"https:\/\/letime.org\/index.php\/wp-json\/wp\/v2\/comments?post=95"}],"version-history":[{"count":73,"href":"https:\/\/letime.org\/index.php\/wp-json\/wp\/v2\/pages\/95\/revisions"}],"predecessor-version":[{"id":1565,"href":"https:\/\/letime.org\/index.php\/wp-json\/wp\/v2\/pages\/95\/revisions\/1565"}],"wp:featuredmedia":[{"embeddable":true,"href":"https:\/\/letime.org\/index.php\/wp-json\/wp\/v2\/media\/1250"}],"wp:attachment":[{"href":"https:\/\/letime.org\/index.php\/wp-json\/wp\/v2\/media?parent=95"}],"curies":[{"name":"wp","href":"https:\/\/api.w.org\/{rel}","templated":true}]}}